{"id":13,"date":"2020-10-20T15:45:14","date_gmt":"2020-10-20T15:45:14","guid":{"rendered":"https:\/\/startertemplatecloud.com\/e03\/?page_id=13"},"modified":"2025-02-05T14:05:55","modified_gmt":"2025-02-05T13:05:55","slug":"contact","status":"publish","type":"page","link":"https:\/\/www.btcvdf.cz\/?page_id=13","title":{"rendered":"Contact"},"content":{"rendered":"\t\t<div data-elementor-type=\"wp-page\" data-elementor-id=\"13\" class=\"elementor elementor-13\">\n\t\t\t\t\t\t<section class=\"elementor-section elementor-top-section elementor-element elementor-element-7c883754 elementor-section-boxed elementor-section-height-default elementor-section-height-default\" data-id=\"7c883754\" data-element_type=\"section\">\n\t\t\t\t\t\t<div class=\"elementor-container elementor-column-gap-default\">\n\t\t\t\t\t<div class=\"elementor-column elementor-col-100 elementor-top-column elementor-element elementor-element-2dfbc308\" data-id=\"2dfbc308\" data-element_type=\"column\">\n\t\t\t<div class=\"elementor-widget-wrap elementor-element-populated\">\n\t\t\t\t\t\t<div class=\"elementor-element elementor-element-1b76d053 elementor-widget elementor-widget-heading\" data-id=\"1b76d053\" data-element_type=\"widget\" data-widget_type=\"heading.default\">\n\t\t\t\t<div class=\"elementor-widget-container\">\n\t\t\t\t\t<h1 class=\"elementor-heading-title elementor-size-default\">Kontaktujte m\u011b<\/h1>\t\t\t\t<\/div>\n\t\t\t\t<\/div>\n\t\t\t\t<div class=\"elementor-element elementor-element-2187a4ff elementor-widget elementor-widget-text-editor\" data-id=\"2187a4ff\" data-element_type=\"widget\" data-widget_type=\"text-editor.default\">\n\t\t\t\t<div class=\"elementor-widget-container\">\n\t\t\t\t\t\t\t\t\t<p>Sta\u010d\u00ed vyplnit kontaktn\u00ed formul\u00e1\u0159 nebo zavolat. Sjedn\u00e1me si spole\u010dn\u011b osobn\u00ed nebo online sch\u016fzku s p\u0159edem domluven\u00fdm rozsahem a \u010dasem. Ve\u0161ker\u00e1 podpora a slu\u017eby spojen\u00e9 s Golden Gate jsou zdarma. Osobn\u00ed konzultace dle cen\u00edku. Podm\u00ednky firemn\u00edho \u0161kolen\u00ed nebo p\u0159edn\u00e1\u0161ky jsou individu\u00e1ln\u00ed.<\/p>\t\t\t\t\t\t\t\t<\/div>\n\t\t\t\t<\/div>\n\t\t\t\t\t<\/div>\n\t\t<\/div>\n\t\t\t\t\t<\/div>\n\t\t<\/section>\n\t\t\t\t<section class=\"elementor-section elementor-top-section elementor-element elementor-element-ab0d4fa elementor-section-boxed elementor-section-height-default elementor-section-height-default\" data-id=\"ab0d4fa\" data-element_type=\"section\">\n\t\t\t\t\t\t<div class=\"elementor-container elementor-column-gap-default\">\n\t\t\t\t\t<div class=\"elementor-column elementor-col-50 elementor-top-column elementor-element elementor-element-2d422b80\" data-id=\"2d422b80\" data-element_type=\"column\" data-settings=\"{&quot;background_background&quot;:&quot;classic&quot;}\">\n\t\t\t<div class=\"elementor-widget-wrap elementor-element-populated\">\n\t\t\t\t\t\t<section class=\"elementor-section elementor-inner-section elementor-element elementor-element-2c3a57f6 elementor-section-boxed elementor-section-height-default elementor-section-height-default\" data-id=\"2c3a57f6\" data-element_type=\"section\" data-settings=\"{&quot;background_background&quot;:&quot;classic&quot;}\">\n\t\t\t\t\t\t<div class=\"elementor-container elementor-column-gap-default\">\n\t\t\t\t\t<div class=\"elementor-column elementor-col-100 elementor-inner-column elementor-element elementor-element-1c2d77d3\" data-id=\"1c2d77d3\" data-element_type=\"column\" data-settings=\"{&quot;background_background&quot;:&quot;classic&quot;}\">\n\t\t\t<div class=\"elementor-widget-wrap elementor-element-populated\">\n\t\t\t\t\t\t<div class=\"elementor-element elementor-element-1345942 fluentform-widget-submit-button-custom elementor-widget elementor-widget-fluent-form-widget\" data-id=\"1345942\" data-element_type=\"widget\" data-widget_type=\"fluent-form-widget.default\">\n\t\t\t\t<div class=\"elementor-widget-container\">\n\t\t\t\t\t\n            <div class=\"fluentform-widget-wrapper fluentform-widget-align-default\">\n\n                            <div class=\"fluentform-widget-heading\">\n                                                        <\/div>\n            \n            <div class='fluentform ff-default fluentform_wrapper_1 ffs_default_wrap'><form data-form_id=\"1\" id=\"fluentform_1\" class=\"frm-fluent-form fluent_form_1 ff-el-form-top ff_form_instance_1_1 ff-form-loading ffs_default\" data-form_instance=\"ff_form_instance_1_1\" method=\"POST\" ><fieldset  style=\"border: none!important;margin: 0!important;padding: 0!important;background-color: transparent!important;box-shadow: none!important;outline: none!important; min-inline-size: 100%;\">\n                    <legend class=\"ff_screen_reader_title\" style=\"display: block; margin: 0!important;padding: 0!important;height: 0!important;text-indent: -999999px;width: 0!important;overflow:hidden;\">Contact Form Demo<\/legend><input type='hidden' name='__fluent_form_embded_post_id' value='13' \/><input type=\"hidden\" id=\"_fluentform_1_fluentformnonce\" name=\"_fluentform_1_fluentformnonce\" value=\"c0a8c06479\" \/><input type=\"hidden\" name=\"_wp_http_referer\" value=\"\/index.php?rest_route=%2Fwp%2Fv2%2Fpages%2F13\" \/><div data-type=\"name-element\" data-name=\"names\" class=\" ff-field_container ff-name-field-wrapper\" ><div class='ff-t-container'><div class='ff-t-cell '><div class='ff-el-group'><div class=\"ff-el-input--label asterisk-right\"><label for='ff_1_names_first_name_' >K\u0159estn\u00ed jm\u00e9no<\/label><\/div><div class='ff-el-input--content'><input type=\"text\" name=\"names[first_name]\" id=\"ff_1_names_first_name_\" class=\"ff-el-form-control\" placeholder=\"First Name\" aria-invalid=\"false\" aria-required=false><\/div><\/div><\/div><div class='ff-t-cell '><div class='ff-el-group'><div class=\"ff-el-input--label asterisk-right\"><label for='ff_1_names_last_name_' >P\u0159\u00edj\u00edmen\u00ed \/ Firma<\/label><\/div><div class='ff-el-input--content'><input type=\"text\" name=\"names[last_name]\" id=\"ff_1_names_last_name_\" class=\"ff-el-form-control\" placeholder=\"Last Name\" aria-invalid=\"false\" aria-required=false><\/div><\/div><\/div><\/div><\/div><div class='ff-el-group'><div class=\"ff-el-input--label ff-el-is-required asterisk-right\"><label for='ff_1_email' aria-label=\"Email\">Email<\/label><\/div><div class='ff-el-input--content'><input type=\"email\" name=\"email\" id=\"ff_1_email\" class=\"ff-el-form-control\" placeholder=\"Email Address\" data-name=\"email\"  aria-invalid=\"false\" aria-required=true><\/div><\/div><div class='ff-el-group'><div class=\"ff-el-input--label asterisk-right\"><label for='ff_1_dropdown' aria-label=\"Kategorie\">Kategorie<\/label><\/div><div class='ff-el-input--content'><select name=\"dropdown\" id=\"ff_1_dropdown\" class=\"ff-el-form-control\" data-name=\"dropdown\" data-calc_value=\"0\"  aria-invalid=\"false\" aria-required=false><option value=\"\">- Select -<\/option><option value=\"Golden Gate\"  >Golden Gate<\/option><option value=\"Osobn\u00ed \u0161kolen\u00ed\"  >Osobn\u00ed \u0161kolen\u00ed<\/option><option value=\"Firemn\u00ed \u0161kolen\u00ed\"  >Firemn\u00ed \u0161kolen\u00ed<\/option><option value=\"Elektroinstalace\"  >Elektroinstalace<\/option><\/select><\/div><\/div><div class='ff-el-group'><div class=\"ff-el-input--label ff-el-is-required asterisk-right\"><label for='ff_1_message' aria-label=\"Zpr\u00e1va\">Zpr\u00e1va<\/label><\/div><div class='ff-el-input--content'><textarea aria-invalid=\"false\" aria-required=true name=\"message\" id=\"ff_1_message\" class=\"ff-el-form-control\" placeholder=\"Your Message\" rows=\"4\" cols=\"2\" data-name=\"message\" ><\/textarea><\/div><\/div><div class='ff-el-group ff-text-left ff_submit_btn_wrapper'><button type=\"submit\" class=\"ff-btn ff-btn-submit ff-btn-md ff_btn_style\" >Odeslat formul\u00e1\u0159<\/button><\/div><\/fieldset><\/form><div id='fluentform_1_errors' class='ff-errors-in-stack ff_form_instance_1_1 ff-form-loading_errors ff_form_instance_1_1_errors'><\/div><\/div>        <script type=\"text\/javascript\">\n            window.fluent_form_ff_form_instance_1_1 = {\"id\":\"1\",\"settings\":{\"layout\":{\"labelPlacement\":\"top\",\"helpMessagePlacement\":\"with_label\",\"errorMessagePlacement\":\"inline\",\"cssClassName\":\"\",\"asteriskPlacement\":\"asterisk-right\"},\"restrictions\":{\"denyEmptySubmission\":{\"enabled\":false}}},\"form_instance\":\"ff_form_instance_1_1\",\"form_id_selector\":\"fluentform_1\",\"rules\":{\"names[first_name]\":{\"required\":{\"value\":false,\"message\":\"This field is required\",\"global\":false,\"global_message\":\"This field is required\"}},\"names[middle_name]\":{\"required\":{\"value\":false,\"message\":\"This field is required\",\"global\":false,\"global_message\":\"This field is required\"}},\"names[last_name]\":{\"required\":{\"value\":false,\"message\":\"This field is required\",\"global\":false,\"global_message\":\"This field is required\"}},\"email\":{\"required\":{\"value\":true,\"message\":\"This field is required\",\"global\":false,\"global_message\":\"This field is required\"},\"email\":{\"value\":true,\"message\":\"This field must contain a valid email\",\"global\":false,\"global_message\":\"This field must contain a valid email\"}},\"dropdown\":{\"required\":{\"value\":false,\"message\":\"This field is required\",\"global_message\":\"This field is required\",\"global\":true}},\"message\":{\"required\":{\"value\":true,\"message\":\"This field is required\",\"global\":false,\"global_message\":\"This field is required\"}}},\"debounce_time\":300};\n                    <\/script>\n                    <\/div>\n\n            \t\t\t\t<\/div>\n\t\t\t\t<\/div>\n\t\t\t\t\t<\/div>\n\t\t<\/div>\n\t\t\t\t\t<\/div>\n\t\t<\/section>\n\t\t\t\t\t<\/div>\n\t\t<\/div>\n\t\t\t\t<div class=\"elementor-column elementor-col-50 elementor-top-column elementor-element elementor-element-20e2c97\" data-id=\"20e2c97\" data-element_type=\"column\">\n\t\t\t<div class=\"elementor-widget-wrap elementor-element-populated\">\n\t\t\t\t\t\t<div class=\"elementor-element elementor-element-1e59dc51 elementor-widget elementor-widget-heading\" data-id=\"1e59dc51\" data-element_type=\"widget\" data-widget_type=\"heading.default\">\n\t\t\t\t<div class=\"elementor-widget-container\">\n\t\t\t\t\t<h5 class=\"elementor-heading-title elementor-size-default\">BTCVDF s.r.o.<\/h5>\t\t\t\t<\/div>\n\t\t\t\t<\/div>\n\t\t\t\t<div class=\"elementor-element elementor-element-40d5f830 elementor-widget elementor-widget-text-editor\" data-id=\"40d5f830\" data-element_type=\"widget\" data-widget_type=\"text-editor.default\">\n\t\t\t\t<div class=\"elementor-widget-container\">\n\t\t\t\t\t\t\t\t\t<p>Jaro\u0161ova 1806<br \/>Varnsdorf, 407 47<br \/>\u010cesk\u00e1 republika<\/p><p>+420 731 089 070<br \/>info@btcvdf.cz<\/p>\t\t\t\t\t\t\t\t<\/div>\n\t\t\t\t<\/div>\n\t\t\t\t<div class=\"elementor-element elementor-element-295efc0 elementor-widget elementor-widget-spacer\" data-id=\"295efc0\" data-element_type=\"widget\" data-widget_type=\"spacer.default\">\n\t\t\t\t<div class=\"elementor-widget-container\">\n\t\t\t\t\t\t\t<div class=\"elementor-spacer\">\n\t\t\t<div class=\"elementor-spacer-inner\"><\/div>\n\t\t<\/div>\n\t\t\t\t\t\t<\/div>\n\t\t\t\t<\/div>\n\t\t\t\t<div class=\"elementor-element elementor-element-cf64b40 elementor-widget elementor-widget-heading\" data-id=\"cf64b40\" data-element_type=\"widget\" data-widget_type=\"heading.default\">\n\t\t\t\t<div class=\"elementor-widget-container\">\n\t\t\t\t\t<h5 class=\"elementor-heading-title elementor-size-default\">Slu\u017eby Golden Gate<\/h5>\t\t\t\t<\/div>\n\t\t\t\t<\/div>\n\t\t\t\t<div class=\"elementor-element elementor-element-ce2fdba elementor-widget elementor-widget-text-editor\" data-id=\"ce2fdba\" data-element_type=\"widget\" data-widget_type=\"text-editor.default\">\n\t\t\t\t<div class=\"elementor-widget-container\">\n\t\t\t\t\t\t\t\t\t<p>+420 731 089 070<br \/>romankorenec@gmail.com<\/p>\t\t\t\t\t\t\t\t<\/div>\n\t\t\t\t<\/div>\n\t\t\t\t\t<\/div>\n\t\t<\/div>\n\t\t\t\t\t<\/div>\n\t\t<\/section>\n\t\t<div class=\"elementor-element elementor-element-44d5ebc e-flex e-con-boxed e-con e-parent\" data-id=\"44d5ebc\" data-element_type=\"container\">\n\t\t\t\t\t<div class=\"e-con-inner\">\n\t\t\t\t<div class=\"elementor-element elementor-element-8e46fae elementor-widget elementor-widget-spacer\" data-id=\"8e46fae\" data-element_type=\"widget\" data-widget_type=\"spacer.default\">\n\t\t\t\t<div class=\"elementor-widget-container\">\n\t\t\t\t\t\t\t<div class=\"elementor-spacer\">\n\t\t\t<div class=\"elementor-spacer-inner\"><\/div>\n\t\t<\/div>\n\t\t\t\t\t\t<\/div>\n\t\t\t\t<\/div>\n\t\t\t\t\t<\/div>\n\t\t\t\t<\/div>\n\t\t\t\t<section class=\"elementor-section elementor-top-section elementor-element elementor-element-6aa3eafc elementor-section-full_width elementor-section-height-default elementor-section-height-default\" data-id=\"6aa3eafc\" data-element_type=\"section\">\n\t\t\t\t\t\t<div class=\"elementor-container elementor-column-gap-default\">\n\t\t\t\t\t<div class=\"elementor-column elementor-col-100 elementor-top-column elementor-element elementor-element-658d5e8e\" data-id=\"658d5e8e\" data-element_type=\"column\">\n\t\t\t<div class=\"elementor-widget-wrap elementor-element-populated\">\n\t\t\t\t\t\t<div class=\"elementor-element elementor-element-6b01aeeb elementor-widget elementor-widget-google_maps\" data-id=\"6b01aeeb\" data-element_type=\"widget\" data-widget_type=\"google_maps.default\">\n\t\t\t\t<div class=\"elementor-widget-container\">\n\t\t\t\t\t\t\t<div class=\"elementor-custom-embed\">\n\t\t\t<iframe loading=\"lazy\"\n\t\t\t\t\tsrc=\"https:\/\/maps.google.com\/maps?q=Varnsdorf&#038;t=m&#038;z=10&#038;output=embed&#038;iwloc=near\"\n\t\t\t\t\ttitle=\"Varnsdorf\"\n\t\t\t\t\taria-label=\"Varnsdorf\"\n\t\t\t><\/iframe>\n\t\t<\/div>\n\t\t\t\t\t\t<\/div>\n\t\t\t\t<\/div>\n\t\t\t\t\t<\/div>\n\t\t<\/div>\n\t\t\t\t\t<\/div>\n\t\t<\/section>\n\t\t\t\t<\/div>\n\t\t","protected":false},"excerpt":{"rendered":"<p>Kontaktujte m\u011b Sta\u010d\u00ed vyplnit kontaktn\u00ed formul\u00e1\u0159 nebo zavolat. Sjedn\u00e1me si spole\u010dn\u011b osobn\u00ed nebo online sch\u016fzku s p\u0159edem domluven\u00fdm rozsahem a \u010dasem. Ve\u0161ker\u00e1 podpora a slu\u017eby spojen\u00e9 s Golden Gate jsou zdarma. Osobn\u00ed konzultace dle cen\u00edku. Podm\u00ednky firemn\u00edho \u0161kolen\u00ed nebo p\u0159edn\u00e1\u0161ky jsou individu\u00e1ln\u00ed. Contact Form Demo K\u0159estn\u00ed jm\u00e9noP\u0159\u00edj\u00edmen\u00ed \/ FirmaEmailKategorie&#8211; Select &#8211;Golden GateOsobn\u00ed \u0161kolen\u00edFiremn\u00ed \u0161kolen\u00edElektroinstalaceZpr\u00e1vaOdeslat formul\u00e1\u0159&#8230;<\/p>\n","protected":false},"author":1,"featured_media":0,"parent":0,"menu_order":0,"comment_status":"closed","ping_status":"closed","template":"","meta":{"_kadence_starter_templates_imported_post":true,"_kad_post_transparent":"","_kad_post_title":"hide","_kad_post_layout":"fullwidth","_kad_post_sidebar_id":"","_kad_post_content_style":"unboxed","_kad_post_vertical_padding":"hide","_kad_post_feature":"hide","_kad_post_feature_position":"","_kad_post_header":false,"_kad_post_footer":false,"footnotes":""},"class_list":["post-13","page","type-page","status-publish","hentry"],"yoast_head":"<!-- This site is optimized with the Yoast SEO plugin v24.4 - https:\/\/yoast.com\/wordpress\/plugins\/seo\/ -->\n<title>Contact - BTCVDF<\/title>\n<meta name=\"robots\" content=\"index, follow, max-snippet:-1, max-image-preview:large, max-video-preview:-1\" \/>\n<link rel=\"canonical\" href=\"https:\/\/www.btcvdf.cz\/?page_id=13\" \/>\n<meta property=\"og:locale\" content=\"cs_CZ\" \/>\n<meta property=\"og:type\" content=\"article\" \/>\n<meta property=\"og:title\" content=\"Contact - BTCVDF\" \/>\n<meta property=\"og:description\" content=\"Kontaktujte m\u011b Sta\u010d\u00ed vyplnit kontaktn\u00ed formul\u00e1\u0159 nebo zavolat. Sjedn\u00e1me si spole\u010dn\u011b osobn\u00ed nebo online sch\u016fzku s p\u0159edem domluven\u00fdm rozsahem a \u010dasem. Ve\u0161ker\u00e1 podpora a slu\u017eby spojen\u00e9 s Golden Gate jsou zdarma. Osobn\u00ed konzultace dle cen\u00edku. Podm\u00ednky firemn\u00edho \u0161kolen\u00ed nebo p\u0159edn\u00e1\u0161ky jsou individu\u00e1ln\u00ed. Contact Form Demo K\u0159estn\u00ed jm\u00e9noP\u0159\u00edj\u00edmen\u00ed \/ FirmaEmailKategorie&#8211; Select &#8211;Golden GateOsobn\u00ed \u0161kolen\u00edFiremn\u00ed \u0161kolen\u00edElektroinstalaceZpr\u00e1vaOdeslat formul\u00e1\u0159...\" \/>\n<meta property=\"og:url\" content=\"https:\/\/www.btcvdf.cz\/?page_id=13\" \/>\n<meta property=\"og:site_name\" content=\"BTCVDF\" \/>\n<meta property=\"article:modified_time\" content=\"2025-02-05T13:05:55+00:00\" \/>\n<meta property=\"og:image\" content=\"https:\/\/www.btcvdf.cz\/wp-content\/uploads\/2020\/10\/cropped-growth-new-1.png\" \/>\n\t<meta property=\"og:image:width\" content=\"395\" \/>\n\t<meta property=\"og:image:height\" content=\"375\" \/>\n\t<meta property=\"og:image:type\" content=\"image\/png\" \/>\n<meta name=\"twitter:card\" content=\"summary_large_image\" \/>\n<script type=\"application\/ld+json\" class=\"yoast-schema-graph\">{\"@context\":\"https:\/\/schema.org\",\"@graph\":[{\"@type\":\"WebPage\",\"@id\":\"https:\/\/www.btcvdf.cz\/?page_id=13\",\"url\":\"https:\/\/www.btcvdf.cz\/?page_id=13\",\"name\":\"Contact - BTCVDF\",\"isPartOf\":{\"@id\":\"https:\/\/www.btcvdf.cz\/#website\"},\"datePublished\":\"2020-10-20T15:45:14+00:00\",\"dateModified\":\"2025-02-05T13:05:55+00:00\",\"breadcrumb\":{\"@id\":\"https:\/\/www.btcvdf.cz\/?page_id=13#breadcrumb\"},\"inLanguage\":\"cs\",\"potentialAction\":[{\"@type\":\"ReadAction\",\"target\":[\"https:\/\/www.btcvdf.cz\/?page_id=13\"]}]},{\"@type\":\"BreadcrumbList\",\"@id\":\"https:\/\/www.btcvdf.cz\/?page_id=13#breadcrumb\",\"itemListElement\":[{\"@type\":\"ListItem\",\"position\":1,\"name\":\"Dom\u016f\",\"item\":\"https:\/\/www.btcvdf.cz\/\"},{\"@type\":\"ListItem\",\"position\":2,\"name\":\"Contact\"}]},{\"@type\":\"WebSite\",\"@id\":\"https:\/\/www.btcvdf.cz\/#website\",\"url\":\"https:\/\/www.btcvdf.cz\/\",\"name\":\"BTCVDF\",\"description\":\"Spo\u0159en\u00ed do bitcoinu, podpora v investov\u00e1n\u00ed\",\"publisher\":{\"@id\":\"https:\/\/www.btcvdf.cz\/#organization\"},\"potentialAction\":[{\"@type\":\"SearchAction\",\"target\":{\"@type\":\"EntryPoint\",\"urlTemplate\":\"https:\/\/www.btcvdf.cz\/?s={search_term_string}\"},\"query-input\":{\"@type\":\"PropertyValueSpecification\",\"valueRequired\":true,\"valueName\":\"search_term_string\"}}],\"inLanguage\":\"cs\"},{\"@type\":\"Organization\",\"@id\":\"https:\/\/www.btcvdf.cz\/#organization\",\"name\":\"BTCVDF s.r.o.\",\"alternateName\":\"BTCVDF s.r.o.\",\"url\":\"https:\/\/www.btcvdf.cz\/\",\"logo\":{\"@type\":\"ImageObject\",\"inLanguage\":\"cs\",\"@id\":\"https:\/\/www.btcvdf.cz\/#\/schema\/logo\/image\/\",\"url\":\"https:\/\/www.btcvdf.cz\/wp-content\/uploads\/2025\/01\/cropped-brandmark-design-5-1-1.png\",\"contentUrl\":\"https:\/\/www.btcvdf.cz\/wp-content\/uploads\/2025\/01\/cropped-brandmark-design-5-1-1.png\",\"width\":512,\"height\":512,\"caption\":\"BTCVDF s.r.o.\"},\"image\":{\"@id\":\"https:\/\/www.btcvdf.cz\/#\/schema\/logo\/image\/\"}}]}<\/script>\n<!-- \/ Yoast SEO plugin. -->","yoast_head_json":{"title":"Contact - BTCVDF","robots":{"index":"index","follow":"follow","max-snippet":"max-snippet:-1","max-image-preview":"max-image-preview:large","max-video-preview":"max-video-preview:-1"},"canonical":"https:\/\/www.btcvdf.cz\/?page_id=13","og_locale":"cs_CZ","og_type":"article","og_title":"Contact - BTCVDF","og_description":"Kontaktujte m\u011b Sta\u010d\u00ed vyplnit kontaktn\u00ed formul\u00e1\u0159 nebo zavolat. Sjedn\u00e1me si spole\u010dn\u011b osobn\u00ed nebo online sch\u016fzku s p\u0159edem domluven\u00fdm rozsahem a \u010dasem. Ve\u0161ker\u00e1 podpora a slu\u017eby spojen\u00e9 s Golden Gate jsou zdarma. Osobn\u00ed konzultace dle cen\u00edku. Podm\u00ednky firemn\u00edho \u0161kolen\u00ed nebo p\u0159edn\u00e1\u0161ky jsou individu\u00e1ln\u00ed. Contact Form Demo K\u0159estn\u00ed jm\u00e9noP\u0159\u00edj\u00edmen\u00ed \/ FirmaEmailKategorie&#8211; Select &#8211;Golden GateOsobn\u00ed \u0161kolen\u00edFiremn\u00ed \u0161kolen\u00edElektroinstalaceZpr\u00e1vaOdeslat formul\u00e1\u0159...","og_url":"https:\/\/www.btcvdf.cz\/?page_id=13","og_site_name":"BTCVDF","article_modified_time":"2025-02-05T13:05:55+00:00","og_image":[{"width":395,"height":375,"url":"https:\/\/www.btcvdf.cz\/wp-content\/uploads\/2020\/10\/cropped-growth-new-1.png","type":"image\/png"}],"twitter_card":"summary_large_image","schema":{"@context":"https:\/\/schema.org","@graph":[{"@type":"WebPage","@id":"https:\/\/www.btcvdf.cz\/?page_id=13","url":"https:\/\/www.btcvdf.cz\/?page_id=13","name":"Contact - BTCVDF","isPartOf":{"@id":"https:\/\/www.btcvdf.cz\/#website"},"datePublished":"2020-10-20T15:45:14+00:00","dateModified":"2025-02-05T13:05:55+00:00","breadcrumb":{"@id":"https:\/\/www.btcvdf.cz\/?page_id=13#breadcrumb"},"inLanguage":"cs","potentialAction":[{"@type":"ReadAction","target":["https:\/\/www.btcvdf.cz\/?page_id=13"]}]},{"@type":"BreadcrumbList","@id":"https:\/\/www.btcvdf.cz\/?page_id=13#breadcrumb","itemListElement":[{"@type":"ListItem","position":1,"name":"Dom\u016f","item":"https:\/\/www.btcvdf.cz\/"},{"@type":"ListItem","position":2,"name":"Contact"}]},{"@type":"WebSite","@id":"https:\/\/www.btcvdf.cz\/#website","url":"https:\/\/www.btcvdf.cz\/","name":"BTCVDF","description":"Spo\u0159en\u00ed do bitcoinu, podpora v investov\u00e1n\u00ed","publisher":{"@id":"https:\/\/www.btcvdf.cz\/#organization"},"potentialAction":[{"@type":"SearchAction","target":{"@type":"EntryPoint","urlTemplate":"https:\/\/www.btcvdf.cz\/?s={search_term_string}"},"query-input":{"@type":"PropertyValueSpecification","valueRequired":true,"valueName":"search_term_string"}}],"inLanguage":"cs"},{"@type":"Organization","@id":"https:\/\/www.btcvdf.cz\/#organization","name":"BTCVDF s.r.o.","alternateName":"BTCVDF s.r.o.","url":"https:\/\/www.btcvdf.cz\/","logo":{"@type":"ImageObject","inLanguage":"cs","@id":"https:\/\/www.btcvdf.cz\/#\/schema\/logo\/image\/","url":"https:\/\/www.btcvdf.cz\/wp-content\/uploads\/2025\/01\/cropped-brandmark-design-5-1-1.png","contentUrl":"https:\/\/www.btcvdf.cz\/wp-content\/uploads\/2025\/01\/cropped-brandmark-design-5-1-1.png","width":512,"height":512,"caption":"BTCVDF s.r.o."},"image":{"@id":"https:\/\/www.btcvdf.cz\/#\/schema\/logo\/image\/"}}]}},"_links":{"self":[{"href":"https:\/\/www.btcvdf.cz\/index.php?rest_route=\/wp\/v2\/pages\/13","targetHints":{"allow":["GET"]}}],"collection":[{"href":"https:\/\/www.btcvdf.cz\/index.php?rest_route=\/wp\/v2\/pages"}],"about":[{"href":"https:\/\/www.btcvdf.cz\/index.php?rest_route=\/wp\/v2\/types\/page"}],"author":[{"embeddable":true,"href":"https:\/\/www.btcvdf.cz\/index.php?rest_route=\/wp\/v2\/users\/1"}],"replies":[{"embeddable":true,"href":"https:\/\/www.btcvdf.cz\/index.php?rest_route=%2Fwp%2Fv2%2Fcomments&post=13"}],"version-history":[{"count":9,"href":"https:\/\/www.btcvdf.cz\/index.php?rest_route=\/wp\/v2\/pages\/13\/revisions"}],"predecessor-version":[{"id":966,"href":"https:\/\/www.btcvdf.cz\/index.php?rest_route=\/wp\/v2\/pages\/13\/revisions\/966"}],"wp:attachment":[{"href":"https:\/\/www.btcvdf.cz\/index.php?rest_route=%2Fwp%2Fv2%2Fmedia&parent=13"}],"curies":[{"name":"wp","href":"https:\/\/api.w.org\/{rel}","templated":true}]}}