{"id":14,"date":"2020-10-20T15:47:32","date_gmt":"2020-10-20T15:47:32","guid":{"rendered":"https:\/\/startertemplatecloud.com\/e03\/?page_id=14"},"modified":"2025-02-06T18:55:39","modified_gmt":"2025-02-06T17:55:39","slug":"course","status":"publish","type":"page","link":"https:\/\/www.btcvdf.cz\/?page_id=14","title":{"rendered":"M\u00e9dia"},"content":{"rendered":"\t\t<div data-elementor-type=\"wp-page\" data-elementor-id=\"14\" class=\"elementor elementor-14\">\n\t\t\t\t\t\t<section class=\"elementor-section elementor-top-section elementor-element elementor-element-428caf9e elementor-section-boxed elementor-section-height-default elementor-section-height-default\" data-id=\"428caf9e\" data-element_type=\"section\" data-settings=\"{&quot;background_background&quot;:&quot;classic&quot;,&quot;shape_divider_top&quot;:&quot;tilt&quot;,&quot;shape_divider_bottom&quot;:&quot;tilt&quot;}\">\n\t\t\t\t\t<div class=\"elementor-shape elementor-shape-top\" data-negative=\"false\">\n\t\t\t<svg xmlns=\"http:\/\/www.w3.org\/2000\/svg\" viewBox=\"0 0 1000 100\" preserveAspectRatio=\"none\">\n\t<path class=\"elementor-shape-fill\" d=\"M0,6V0h1000v100L0,6z\"\/>\n<\/svg>\t\t<\/div>\n\t\t\t\t<div class=\"elementor-shape elementor-shape-bottom\" data-negative=\"false\">\n\t\t\t<svg xmlns=\"http:\/\/www.w3.org\/2000\/svg\" viewBox=\"0 0 1000 100\" preserveAspectRatio=\"none\">\n\t<path class=\"elementor-shape-fill\" d=\"M0,6V0h1000v100L0,6z\"\/>\n<\/svg>\t\t<\/div>\n\t\t\t\t\t<div class=\"elementor-container elementor-column-gap-default\">\n\t\t\t\t\t<div class=\"elementor-column elementor-col-100 elementor-top-column elementor-element elementor-element-63d3dcbf\" data-id=\"63d3dcbf\" data-element_type=\"column\">\n\t\t\t<div class=\"elementor-widget-wrap elementor-element-populated\">\n\t\t\t\t\t\t<section class=\"elementor-section elementor-inner-section elementor-element elementor-element-17c9ebfd elementor-section-boxed elementor-section-height-default elementor-section-height-default\" data-id=\"17c9ebfd\" data-element_type=\"section\" data-settings=\"{&quot;background_background&quot;:&quot;classic&quot;}\">\n\t\t\t\t\t\t<div class=\"elementor-container elementor-column-gap-default\">\n\t\t\t\t\t<div class=\"elementor-column elementor-col-100 elementor-inner-column elementor-element elementor-element-30e2e71a\" data-id=\"30e2e71a\" data-element_type=\"column\">\n\t\t\t<div class=\"elementor-widget-wrap elementor-element-populated\">\n\t\t\t\t\t\t<div class=\"elementor-element elementor-element-15472710 elementor-view-stacked elementor-shape-circle elementor-position-top elementor-mobile-position-top elementor-widget elementor-widget-icon-box\" data-id=\"15472710\" data-element_type=\"widget\" data-widget_type=\"icon-box.default\">\n\t\t\t\t<div class=\"elementor-widget-container\">\n\t\t\t\t\t\t\t<div class=\"elementor-icon-box-wrapper\">\n\n\t\t\t\t\t\t<div class=\"elementor-icon-box-icon\">\n\t\t\t\t<a href=\"http:\/\/www.youtube.com\/@BTCVDF\" class=\"elementor-icon\" tabindex=\"-1\" aria-label=\"Odb\u011br youtube kan\u00e1lu\">\n\t\t\t\t<svg aria-hidden=\"true\" class=\"e-font-icon-svg e-far-bell\" viewBox=\"0 0 448 512\" xmlns=\"http:\/\/www.w3.org\/2000\/svg\"><path d=\"M439.39 362.29c-19.32-20.76-55.47-51.99-55.47-154.29 0-77.7-54.48-139.9-127.94-155.16V32c0-17.67-14.32-32-31.98-32s-31.98 14.33-31.98 32v20.84C118.56 68.1 64.08 130.3 64.08 208c0 102.3-36.15 133.53-55.47 154.29-6 6.45-8.66 14.16-8.61 21.71.11 16.4 12.98 32 32.1 32h383.8c19.12 0 32-15.6 32.1-32 .05-7.55-2.61-15.27-8.61-21.71zM67.53 368c21.22-27.97 44.42-74.33 44.53-159.42 0-.2-.06-.38-.06-.58 0-61.86 50.14-112 112-112s112 50.14 112 112c0 .2-.06.38-.06.58.11 85.1 23.31 131.46 44.53 159.42H67.53zM224 512c35.32 0 63.97-28.65 63.97-64H160.03c0 35.35 28.65 64 63.97 64z\"><\/path><\/svg>\t\t\t\t<\/a>\n\t\t\t<\/div>\n\t\t\t\n\t\t\t\t\t\t<div class=\"elementor-icon-box-content\">\n\n\t\t\t\t\t\t\t\t\t<h4 class=\"elementor-icon-box-title\">\n\t\t\t\t\t\t<a href=\"http:\/\/www.youtube.com\/@BTCVDF\" >\n\t\t\t\t\t\t\tOdb\u011br youtube kan\u00e1lu\t\t\t\t\t\t<\/a>\n\t\t\t\t\t<\/h4>\n\t\t\t\t\n\t\t\t\t\t\t\t\t\t<p class=\"elementor-icon-box-description\">\n\t\t\t\t\t\tP\u0159ihla\u0161 se k odb\u011bru youtubov\u00e9ho kan\u00e1lu pro v\u00edce obsahu.\t\t\t\t\t<\/p>\n\t\t\t\t\n\t\t\t<\/div>\n\t\t\t\n\t\t<\/div>\n\t\t\t\t\t\t<\/div>\n\t\t\t\t<\/div>\n\t\t\t\t<div class=\"elementor-element elementor-element-ccbab48 elementor-align-center elementor-widget elementor-widget-button\" data-id=\"ccbab48\" data-element_type=\"widget\" data-widget_type=\"button.default\">\n\t\t\t\t<div class=\"elementor-widget-container\">\n\t\t\t\t\t\t\t\t\t<div class=\"elementor-button-wrapper\">\n\t\t\t\t\t<a class=\"elementor-button elementor-button-link elementor-size-sm\" href=\"https:\/\/www.youtube.com\/@BTCVDF\">\n\t\t\t\t\t\t<span class=\"elementor-button-content-wrapper\">\n\t\t\t\t\t\t\t\t\t<span class=\"elementor-button-text\">Odb\u011br youtube kan\u00e1lu<\/span>\n\t\t\t\t\t<\/span>\n\t\t\t\t\t<\/a>\n\t\t\t\t<\/div>\n\t\t\t\t\t\t\t\t<\/div>\n\t\t\t\t<\/div>\n\t\t\t\t\t<\/div>\n\t\t<\/div>\n\t\t\t\t\t<\/div>\n\t\t<\/section>\n\t\t\t\t\t<\/div>\n\t\t<\/div>\n\t\t\t\t\t<\/div>\n\t\t<\/section>\n\t\t\t\t<section class=\"elementor-section elementor-top-section elementor-element elementor-element-4b528b5 elementor-section-boxed elementor-section-height-default elementor-section-height-default\" data-id=\"4b528b5\" data-element_type=\"section\" data-settings=\"{&quot;background_background&quot;:&quot;classic&quot;,&quot;shape_divider_bottom&quot;:&quot;tilt&quot;}\">\n\t\t\t\t\t<div class=\"elementor-shape elementor-shape-bottom\" data-negative=\"false\">\n\t\t\t<svg xmlns=\"http:\/\/www.w3.org\/2000\/svg\" viewBox=\"0 0 1000 100\" preserveAspectRatio=\"none\">\n\t<path class=\"elementor-shape-fill\" d=\"M0,6V0h1000v100L0,6z\"\/>\n<\/svg>\t\t<\/div>\n\t\t\t\t\t<div class=\"elementor-container elementor-column-gap-default\">\n\t\t\t\t\t<div class=\"elementor-column elementor-col-50 elementor-top-column elementor-element elementor-element-2c9f7d1b\" data-id=\"2c9f7d1b\" data-element_type=\"column\">\n\t\t\t<div class=\"elementor-widget-wrap elementor-element-populated\">\n\t\t\t\t\t\t<div class=\"elementor-element elementor-element-8684034 elementor-widget elementor-widget-video\" data-id=\"8684034\" data-element_type=\"widget\" data-settings=\"{&quot;youtube_url&quot;:&quot;https:\\\/\\\/youtu.be\\\/yOD6J2Yekpg&quot;,&quot;start&quot;:50,&quot;video_type&quot;:&quot;youtube&quot;,&quot;controls&quot;:&quot;yes&quot;}\" data-widget_type=\"video.default\">\n\t\t\t\t<div class=\"elementor-widget-container\">\n\t\t\t\t\t\t\t<div class=\"elementor-wrapper elementor-open-inline\">\n\t\t\t<div class=\"elementor-video\"><\/div>\t\t<\/div>\n\t\t\t\t\t\t<\/div>\n\t\t\t\t<\/div>\n\t\t\t\t\t<\/div>\n\t\t<\/div>\n\t\t\t\t<div class=\"elementor-column elementor-col-50 elementor-top-column elementor-element elementor-element-3502b5f0\" data-id=\"3502b5f0\" data-element_type=\"column\">\n\t\t\t<div class=\"elementor-widget-wrap elementor-element-populated\">\n\t\t\t\t\t\t<div class=\"elementor-element elementor-element-4146ec61 elementor-widget elementor-widget-heading\" data-id=\"4146ec61\" data-element_type=\"widget\" data-widget_type=\"heading.default\">\n\t\t\t\t<div class=\"elementor-widget-container\">\n\t\t\t\t\t<h1 class=\"elementor-heading-title elementor-size-default\">\u00davodn\u00ed slovo konference BTCVDF 2023<\/h1>\t\t\t\t<\/div>\n\t\t\t\t<\/div>\n\t\t\t\t\t<\/div>\n\t\t<\/div>\n\t\t\t\t\t<\/div>\n\t\t<\/section>\n\t\t\t\t<section class=\"elementor-section elementor-top-section elementor-element elementor-element-a377f23 elementor-section-boxed elementor-section-height-default elementor-section-height-default\" data-id=\"a377f23\" data-element_type=\"section\" data-settings=\"{&quot;background_background&quot;:&quot;classic&quot;,&quot;shape_divider_bottom&quot;:&quot;tilt&quot;}\">\n\t\t\t\t\t<div class=\"elementor-shape elementor-shape-bottom\" data-negative=\"false\">\n\t\t\t<svg xmlns=\"http:\/\/www.w3.org\/2000\/svg\" viewBox=\"0 0 1000 100\" preserveAspectRatio=\"none\">\n\t<path class=\"elementor-shape-fill\" d=\"M0,6V0h1000v100L0,6z\"\/>\n<\/svg>\t\t<\/div>\n\t\t\t\t\t<div class=\"elementor-container elementor-column-gap-default\">\n\t\t\t\t\t<div class=\"elementor-column elementor-col-50 elementor-top-column elementor-element elementor-element-78c2e65\" data-id=\"78c2e65\" data-element_type=\"column\">\n\t\t\t<div class=\"elementor-widget-wrap elementor-element-populated\">\n\t\t\t\t\t\t<div class=\"elementor-element elementor-element-7dcedd4 elementor-widget elementor-widget-video\" data-id=\"7dcedd4\" data-element_type=\"widget\" data-settings=\"{&quot;youtube_url&quot;:&quot;https:\\\/\\\/youtu.be\\\/i7JPgdpW8G4?si=yoht9tYPQoFKodMu&quot;,&quot;video_type&quot;:&quot;youtube&quot;,&quot;controls&quot;:&quot;yes&quot;}\" data-widget_type=\"video.default\">\n\t\t\t\t<div class=\"elementor-widget-container\">\n\t\t\t\t\t\t\t<div class=\"elementor-wrapper elementor-open-inline\">\n\t\t\t<div class=\"elementor-video\"><\/div>\t\t<\/div>\n\t\t\t\t\t\t<\/div>\n\t\t\t\t<\/div>\n\t\t\t\t\t<\/div>\n\t\t<\/div>\n\t\t\t\t<div class=\"elementor-column elementor-col-50 elementor-top-column elementor-element elementor-element-3860829\" data-id=\"3860829\" data-element_type=\"column\">\n\t\t\t<div class=\"elementor-widget-wrap elementor-element-populated\">\n\t\t\t\t\t\t<div class=\"elementor-element elementor-element-aa90d53 elementor-widget elementor-widget-heading\" data-id=\"aa90d53\" data-element_type=\"widget\" data-widget_type=\"heading.default\">\n\t\t\t\t<div class=\"elementor-widget-container\">\n\t\t\t\t\t<h1 class=\"elementor-heading-title elementor-size-default\">BTCVDF meetup - Jak nezchudnout<\/h1>\t\t\t\t<\/div>\n\t\t\t\t<\/div>\n\t\t\t\t<div class=\"elementor-element elementor-element-abd754d elementor-widget elementor-widget-text-editor\" data-id=\"abd754d\" data-element_type=\"widget\" data-widget_type=\"text-editor.default\">\n\t\t\t\t<div class=\"elementor-widget-container\">\n\t\t\t\t\t\t\t\t\t<p>Z\u00e1znam ve\u0159ejn\u00e9 p\u0159edn\u00e1\u0161ky<\/p>\t\t\t\t\t\t\t\t<\/div>\n\t\t\t\t<\/div>\n\t\t\t\t\t<\/div>\n\t\t<\/div>\n\t\t\t\t\t<\/div>\n\t\t<\/section>\n\t\t\t\t<section class=\"elementor-section elementor-top-section elementor-element elementor-element-4b449ba elementor-section-boxed elementor-section-height-default elementor-section-height-default\" data-id=\"4b449ba\" data-element_type=\"section\" data-settings=\"{&quot;background_background&quot;:&quot;classic&quot;,&quot;shape_divider_top&quot;:&quot;tilt&quot;}\">\n\t\t\t\t\t<div class=\"elementor-shape elementor-shape-top\" data-negative=\"false\">\n\t\t\t<svg xmlns=\"http:\/\/www.w3.org\/2000\/svg\" viewBox=\"0 0 1000 100\" preserveAspectRatio=\"none\">\n\t<path class=\"elementor-shape-fill\" d=\"M0,6V0h1000v100L0,6z\"\/>\n<\/svg>\t\t<\/div>\n\t\t\t\t\t<div class=\"elementor-container elementor-column-gap-default\">\n\t\t\t\t\t<div class=\"elementor-column elementor-col-100 elementor-top-column elementor-element elementor-element-b4b5e24\" data-id=\"b4b5e24\" data-element_type=\"column\">\n\t\t\t<div class=\"elementor-widget-wrap elementor-element-populated\">\n\t\t\t\t\t\t<div class=\"elementor-element elementor-element-a8d332a elementor-widget elementor-widget-heading\" data-id=\"a8d332a\" data-element_type=\"widget\" data-widget_type=\"heading.default\">\n\t\t\t\t<div class=\"elementor-widget-container\">\n\t\t\t\t\t<h2 class=\"elementor-heading-title elementor-size-default\">Bitcoin je budoucnost. Bu\u010f u toho d\u0159\u00edv ne\u017e ostatn\u00ed!<\/h2>\t\t\t\t<\/div>\n\t\t\t\t<\/div>\n\t\t\t\t\t<\/div>\n\t\t<\/div>\n\t\t\t\t\t<\/div>\n\t\t<\/section>\n\t\t\t\t<\/div>\n\t\t","protected":false},"excerpt":{"rendered":"<p>Odb\u011br youtube kan\u00e1lu P\u0159ihla\u0161 se k odb\u011bru youtubov\u00e9ho kan\u00e1lu pro v\u00edce obsahu. Odb\u011br youtube kan\u00e1lu \u00davodn\u00ed slovo konference BTCVDF 2023 BTCVDF meetup &#8211; Jak nezchudnout Z\u00e1znam ve\u0159ejn\u00e9 p\u0159edn\u00e1\u0161ky Bitcoin je budoucnost. Bu\u010f u toho d\u0159\u00edv ne\u017e ostatn\u00ed!<\/p>\n","protected":false},"author":1,"featured_media":0,"parent":0,"menu_order":0,"comment_status":"closed","ping_status":"closed","template":"","meta":{"_kadence_starter_templates_imported_post":true,"_kad_post_transparent":"","_kad_post_title":"hide","_kad_post_layout":"fullwidth","_kad_post_sidebar_id":"","_kad_post_content_style":"unboxed","_kad_post_vertical_padding":"hide","_kad_post_feature":"hide","_kad_post_feature_position":"","_kad_post_header":false,"_kad_post_footer":false,"footnotes":""},"class_list":["post-14","page","type-page","status-publish","hentry"],"yoast_head":"<!-- This site is optimized with the Yoast SEO plugin v24.4 - https:\/\/yoast.com\/wordpress\/plugins\/seo\/ -->\n<title>M\u00e9dia - BTCVDF<\/title>\n<meta name=\"robots\" content=\"index, follow, max-snippet:-1, max-image-preview:large, max-video-preview:-1\" \/>\n<link rel=\"canonical\" href=\"https:\/\/www.btcvdf.cz\/?page_id=14\" \/>\n<meta property=\"og:locale\" content=\"cs_CZ\" \/>\n<meta property=\"og:type\" content=\"article\" \/>\n<meta property=\"og:title\" content=\"M\u00e9dia - BTCVDF\" \/>\n<meta property=\"og:description\" content=\"Odb\u011br youtube kan\u00e1lu P\u0159ihla\u0161 se k odb\u011bru youtubov\u00e9ho kan\u00e1lu pro v\u00edce obsahu. Odb\u011br youtube kan\u00e1lu \u00davodn\u00ed slovo konference BTCVDF 2023 BTCVDF meetup &#8211; Jak nezchudnout Z\u00e1znam ve\u0159ejn\u00e9 p\u0159edn\u00e1\u0161ky Bitcoin je budoucnost. Bu\u010f u toho d\u0159\u00edv ne\u017e ostatn\u00ed!\" \/>\n<meta property=\"og:url\" content=\"https:\/\/www.btcvdf.cz\/?page_id=14\" \/>\n<meta property=\"og:site_name\" content=\"BTCVDF\" \/>\n<meta property=\"article:modified_time\" content=\"2025-02-06T17:55:39+00:00\" \/>\n<meta property=\"og:image\" content=\"https:\/\/www.btcvdf.cz\/wp-content\/uploads\/2020\/10\/cropped-growth-new-1.png\" \/>\n\t<meta property=\"og:image:width\" content=\"395\" \/>\n\t<meta property=\"og:image:height\" content=\"375\" \/>\n\t<meta property=\"og:image:type\" content=\"image\/png\" \/>\n<meta name=\"twitter:card\" content=\"summary_large_image\" \/>\n<meta name=\"twitter:label1\" content=\"Odhadovan\u00e1 doba \u010dten\u00ed\" \/>\n\t<meta name=\"twitter:data1\" content=\"1 minuta\" \/>\n<script type=\"application\/ld+json\" class=\"yoast-schema-graph\">{\"@context\":\"https:\/\/schema.org\",\"@graph\":[{\"@type\":\"WebPage\",\"@id\":\"https:\/\/www.btcvdf.cz\/?page_id=14\",\"url\":\"https:\/\/www.btcvdf.cz\/?page_id=14\",\"name\":\"M\u00e9dia - BTCVDF\",\"isPartOf\":{\"@id\":\"https:\/\/www.btcvdf.cz\/#website\"},\"datePublished\":\"2020-10-20T15:47:32+00:00\",\"dateModified\":\"2025-02-06T17:55:39+00:00\",\"breadcrumb\":{\"@id\":\"https:\/\/www.btcvdf.cz\/?page_id=14#breadcrumb\"},\"inLanguage\":\"cs\",\"potentialAction\":[{\"@type\":\"ReadAction\",\"target\":[\"https:\/\/www.btcvdf.cz\/?page_id=14\"]}]},{\"@type\":\"BreadcrumbList\",\"@id\":\"https:\/\/www.btcvdf.cz\/?page_id=14#breadcrumb\",\"itemListElement\":[{\"@type\":\"ListItem\",\"position\":1,\"name\":\"Dom\u016f\",\"item\":\"https:\/\/www.btcvdf.cz\/\"},{\"@type\":\"ListItem\",\"position\":2,\"name\":\"M\u00e9dia\"}]},{\"@type\":\"WebSite\",\"@id\":\"https:\/\/www.btcvdf.cz\/#website\",\"url\":\"https:\/\/www.btcvdf.cz\/\",\"name\":\"BTCVDF\",\"description\":\"Spo\u0159en\u00ed do bitcoinu, podpora v investov\u00e1n\u00ed\",\"publisher\":{\"@id\":\"https:\/\/www.btcvdf.cz\/#organization\"},\"potentialAction\":[{\"@type\":\"SearchAction\",\"target\":{\"@type\":\"EntryPoint\",\"urlTemplate\":\"https:\/\/www.btcvdf.cz\/?s={search_term_string}\"},\"query-input\":{\"@type\":\"PropertyValueSpecification\",\"valueRequired\":true,\"valueName\":\"search_term_string\"}}],\"inLanguage\":\"cs\"},{\"@type\":\"Organization\",\"@id\":\"https:\/\/www.btcvdf.cz\/#organization\",\"name\":\"BTCVDF s.r.o.\",\"alternateName\":\"BTCVDF s.r.o.\",\"url\":\"https:\/\/www.btcvdf.cz\/\",\"logo\":{\"@type\":\"ImageObject\",\"inLanguage\":\"cs\",\"@id\":\"https:\/\/www.btcvdf.cz\/#\/schema\/logo\/image\/\",\"url\":\"https:\/\/www.btcvdf.cz\/wp-content\/uploads\/2025\/01\/cropped-brandmark-design-5-1-1.png\",\"contentUrl\":\"https:\/\/www.btcvdf.cz\/wp-content\/uploads\/2025\/01\/cropped-brandmark-design-5-1-1.png\",\"width\":512,\"height\":512,\"caption\":\"BTCVDF s.r.o.\"},\"image\":{\"@id\":\"https:\/\/www.btcvdf.cz\/#\/schema\/logo\/image\/\"}}]}<\/script>\n<!-- \/ Yoast SEO plugin. -->","yoast_head_json":{"title":"M\u00e9dia - BTCVDF","robots":{"index":"index","follow":"follow","max-snippet":"max-snippet:-1","max-image-preview":"max-image-preview:large","max-video-preview":"max-video-preview:-1"},"canonical":"https:\/\/www.btcvdf.cz\/?page_id=14","og_locale":"cs_CZ","og_type":"article","og_title":"M\u00e9dia - BTCVDF","og_description":"Odb\u011br youtube kan\u00e1lu P\u0159ihla\u0161 se k odb\u011bru youtubov\u00e9ho kan\u00e1lu pro v\u00edce obsahu. Odb\u011br youtube kan\u00e1lu \u00davodn\u00ed slovo konference BTCVDF 2023 BTCVDF meetup &#8211; Jak nezchudnout Z\u00e1znam ve\u0159ejn\u00e9 p\u0159edn\u00e1\u0161ky Bitcoin je budoucnost. Bu\u010f u toho d\u0159\u00edv ne\u017e ostatn\u00ed!","og_url":"https:\/\/www.btcvdf.cz\/?page_id=14","og_site_name":"BTCVDF","article_modified_time":"2025-02-06T17:55:39+00:00","og_image":[{"width":395,"height":375,"url":"https:\/\/www.btcvdf.cz\/wp-content\/uploads\/2020\/10\/cropped-growth-new-1.png","type":"image\/png"}],"twitter_card":"summary_large_image","twitter_misc":{"Odhadovan\u00e1 doba \u010dten\u00ed":"1 minuta"},"schema":{"@context":"https:\/\/schema.org","@graph":[{"@type":"WebPage","@id":"https:\/\/www.btcvdf.cz\/?page_id=14","url":"https:\/\/www.btcvdf.cz\/?page_id=14","name":"M\u00e9dia - BTCVDF","isPartOf":{"@id":"https:\/\/www.btcvdf.cz\/#website"},"datePublished":"2020-10-20T15:47:32+00:00","dateModified":"2025-02-06T17:55:39+00:00","breadcrumb":{"@id":"https:\/\/www.btcvdf.cz\/?page_id=14#breadcrumb"},"inLanguage":"cs","potentialAction":[{"@type":"ReadAction","target":["https:\/\/www.btcvdf.cz\/?page_id=14"]}]},{"@type":"BreadcrumbList","@id":"https:\/\/www.btcvdf.cz\/?page_id=14#breadcrumb","itemListElement":[{"@type":"ListItem","position":1,"name":"Dom\u016f","item":"https:\/\/www.btcvdf.cz\/"},{"@type":"ListItem","position":2,"name":"M\u00e9dia"}]},{"@type":"WebSite","@id":"https:\/\/www.btcvdf.cz\/#website","url":"https:\/\/www.btcvdf.cz\/","name":"BTCVDF","description":"Spo\u0159en\u00ed do bitcoinu, podpora v investov\u00e1n\u00ed","publisher":{"@id":"https:\/\/www.btcvdf.cz\/#organization"},"potentialAction":[{"@type":"SearchAction","target":{"@type":"EntryPoint","urlTemplate":"https:\/\/www.btcvdf.cz\/?s={search_term_string}"},"query-input":{"@type":"PropertyValueSpecification","valueRequired":true,"valueName":"search_term_string"}}],"inLanguage":"cs"},{"@type":"Organization","@id":"https:\/\/www.btcvdf.cz\/#organization","name":"BTCVDF s.r.o.","alternateName":"BTCVDF s.r.o.","url":"https:\/\/www.btcvdf.cz\/","logo":{"@type":"ImageObject","inLanguage":"cs","@id":"https:\/\/www.btcvdf.cz\/#\/schema\/logo\/image\/","url":"https:\/\/www.btcvdf.cz\/wp-content\/uploads\/2025\/01\/cropped-brandmark-design-5-1-1.png","contentUrl":"https:\/\/www.btcvdf.cz\/wp-content\/uploads\/2025\/01\/cropped-brandmark-design-5-1-1.png","width":512,"height":512,"caption":"BTCVDF s.r.o."},"image":{"@id":"https:\/\/www.btcvdf.cz\/#\/schema\/logo\/image\/"}}]}},"_links":{"self":[{"href":"https:\/\/www.btcvdf.cz\/index.php?rest_route=\/wp\/v2\/pages\/14","targetHints":{"allow":["GET"]}}],"collection":[{"href":"https:\/\/www.btcvdf.cz\/index.php?rest_route=\/wp\/v2\/pages"}],"about":[{"href":"https:\/\/www.btcvdf.cz\/index.php?rest_route=\/wp\/v2\/types\/page"}],"author":[{"embeddable":true,"href":"https:\/\/www.btcvdf.cz\/index.php?rest_route=\/wp\/v2\/users\/1"}],"replies":[{"embeddable":true,"href":"https:\/\/www.btcvdf.cz\/index.php?rest_route=%2Fwp%2Fv2%2Fcomments&post=14"}],"version-history":[{"count":35,"href":"https:\/\/www.btcvdf.cz\/index.php?rest_route=\/wp\/v2\/pages\/14\/revisions"}],"predecessor-version":[{"id":1054,"href":"https:\/\/www.btcvdf.cz\/index.php?rest_route=\/wp\/v2\/pages\/14\/revisions\/1054"}],"wp:attachment":[{"href":"https:\/\/www.btcvdf.cz\/index.php?rest_route=%2Fwp%2Fv2%2Fmedia&parent=14"}],"curies":[{"name":"wp","href":"https:\/\/api.w.org\/{rel}","templated":true}]}}